{"id":10,"date":"2013-12-30T18:23:30","date_gmt":"2013-12-30T18:23:30","guid":{"rendered":"http:\/\/www.bluebase.at\/?page_id=10"},"modified":"2013-12-30T18:23:30","modified_gmt":"2013-12-30T18:23:30","slug":"schulungen-und-weiterbildung","status":"publish","type":"page","link":"https:\/\/www.bluebase.at\/?page_id=10","title":{"rendered":"Schulungen und Weiterbildung"},"content":{"rendered":"<blockquote><p>Ein Programm kann immer nur so gut sein,<br \/>\nwie die Person die es benutzt<\/p><\/blockquote>\n<p>Daher bieten wir auch Schulungen in zwei Bereichen an:<\/p>\n<h4>1. Standardanwendungen wie Excel, Access oder Powerpoint<\/h4>\n<p>Im Vordergrund stehen:<\/p>\n<ul>\n<li>effizientes benutzen der Office Programme<\/li>\n<li>intelligentes verbinden der Programme<\/li>\n<li>Makro und VBA Programmierung<\/li>\n<\/ul>\n<p>Schulungen sind f\u00fcr Einsteiger und Fortgeschrittene wichtig und steigern die Motivation und die Produktivit\u00e4t.<\/p>\n<h4>2. Anwendungsschulung f\u00fcr individuelle L\u00f6sungen<\/h4>\n<p>Auch individuell erstellte L\u00f6sungen m\u00fcssen geschult werden, um den Einstieg zu erleichtern und Mitarbeiter nicht vor den Kopf zu sto\u00dfen. Diese Schulungen sollten immer Bestandteil bei der Einf\u00fchrung neuer Software sein.<\/p>\n<p>Alle Schulungen k\u00f6nnen in Ihren R\u00e4umlichkeiten stattfinden und auch in Kleingruppen durchgef\u00fchrt werden.<\/p>\n","protected":false},"excerpt":{"rendered":"<p>Ein Programm kann immer nur so gut sein, wie die Person die es benutzt Daher bieten wir auch Schulungen in zwei Bereichen an: 1. Standardanwendungen wie Excel, Access oder Powerpoint Im Vordergrund stehen: effizientes benutzen der Office Programme intelligentes verbinden der Programme Makro und VBA Programmierung Schulungen sind f\u00fcr Einsteiger und Fortgeschrittene wichtig und steigern &hellip; <\/p>\n<p class=\"link-more\"><a href=\"https:\/\/www.bluebase.at\/?page_id=10\" class=\"more-link\">Mehr <span class=\"screen-reader-text\">\u00fcber &#8222;Schulungen und Weiterbildung&#8220; <\/span>Lesen<\/a><\/p>\n","protected":false},"author":1,"featured_media":0,"parent":0,"menu_order":3,"comment_status":"closed","ping_status":"closed","template":"","meta":{"footnotes":""},"class_list":["post-10","page","type-page","status-publish","hentry"],"_links":{"self":[{"href":"https:\/\/www.bluebase.at\/index.php?rest_route=\/wp\/v2\/pages\/10","targetHints":{"allow":["GET"]}}],"collection":[{"href":"https:\/\/www.bluebase.at\/index.php?rest_route=\/wp\/v2\/pages"}],"about":[{"href":"https:\/\/www.bluebase.at\/index.php?rest_route=\/wp\/v2\/types\/page"}],"author":[{"embeddable":true,"href":"https:\/\/www.bluebase.at\/index.php?rest_route=\/wp\/v2\/users\/1"}],"replies":[{"embeddable":true,"href":"https:\/\/www.bluebase.at\/index.php?rest_route=%2Fwp%2Fv2%2Fcomments&post=10"}],"version-history":[{"count":0,"href":"https:\/\/www.bluebase.at\/index.php?rest_route=\/wp\/v2\/pages\/10\/revisions"}],"wp:attachment":[{"href":"https:\/\/www.bluebase.at\/index.php?rest_route=%2Fwp%2Fv2%2Fmedia&parent=10"}],"curies":[{"name":"wp","href":"https:\/\/api.w.org\/{rel}","templated":true}]}}