{"id":19,"date":"2013-12-30T18:34:21","date_gmt":"2013-12-30T18:34:21","guid":{"rendered":"http:\/\/www.bluebase.at\/?page_id=19"},"modified":"2013-12-30T18:34:21","modified_gmt":"2013-12-30T18:34:21","slug":"kundenverwaltung","status":"publish","type":"page","link":"https:\/\/www.bluebase.at\/?page_id=19","title":{"rendered":"Kundenverwaltung"},"content":{"rendered":"<p><strong>Kundenverwaltungen<\/strong> z\u00e4hlen zu den wichtigsten Anwendungsgebieten von Datenbanken. Trotzdem bieten Standardprogramme meist nicht das, was gerade Ihr Betrieb ben\u00f6tigt. Ihre Kunden passen nicht in Konfektionsware? Daher brauchen Sie eine Ma\u00dfarbeit.<\/p>\n<p>In Access k\u00f6nnen Sie Ihre Kunden so abbilden, wie Sie es brauchen.<\/p>\n<figure id=\"attachment_20\" aria-describedby=\"caption-attachment-20\" style=\"width: 480px\" class=\"wp-caption aligncenter\"><a href=\"http:\/\/www.bluebase.at\/wp-content\/uploads\/2013\/12\/kundenverwaltung_1.png\"><img loading=\"lazy\" decoding=\"async\" class=\"wp-image-20 \" title=\"Beispiel einer Kundenverwaltung Theater\" alt=\"Beispiel einer Kundenverwaltung Theater\" src=\"http:\/\/www.bluebase.at\/wp-content\/uploads\/2013\/12\/kundenverwaltung_1.png\" width=\"480\" height=\"336\" \/><\/a><figcaption id=\"caption-attachment-20\" class=\"wp-caption-text\">Beispiel einer Kundenverwaltung Theater<\/figcaption><\/figure>\n<p style=\"text-align: center;\">\n","protected":false},"excerpt":{"rendered":"<p>Kundenverwaltungen z\u00e4hlen zu den wichtigsten Anwendungsgebieten von Datenbanken. Trotzdem bieten Standardprogramme meist nicht das, was gerade Ihr Betrieb ben\u00f6tigt. Ihre Kunden passen nicht in Konfektionsware? Daher brauchen Sie eine Ma\u00dfarbeit. In Access k\u00f6nnen Sie Ihre Kunden so abbilden, wie Sie es brauchen.<\/p>\n","protected":false},"author":1,"featured_media":0,"parent":7,"menu_order":1,"comment_status":"closed","ping_status":"closed","template":"","meta":{"inspiro_hide_title":false,"footnotes":""},"class_list":["post-19","page","type-page","status-publish","hentry"],"_links":{"self":[{"href":"https:\/\/www.bluebase.at\/index.php?rest_route=\/wp\/v2\/pages\/19","targetHints":{"allow":["GET"]}}],"collection":[{"href":"https:\/\/www.bluebase.at\/index.php?rest_route=\/wp\/v2\/pages"}],"about":[{"href":"https:\/\/www.bluebase.at\/index.php?rest_route=\/wp\/v2\/types\/page"}],"author":[{"embeddable":true,"href":"https:\/\/www.bluebase.at\/index.php?rest_route=\/wp\/v2\/users\/1"}],"replies":[{"embeddable":true,"href":"https:\/\/www.bluebase.at\/index.php?rest_route=%2Fwp%2Fv2%2Fcomments&post=19"}],"version-history":[{"count":0,"href":"https:\/\/www.bluebase.at\/index.php?rest_route=\/wp\/v2\/pages\/19\/revisions"}],"up":[{"embeddable":true,"href":"https:\/\/www.bluebase.at\/index.php?rest_route=\/wp\/v2\/pages\/7"}],"wp:attachment":[{"href":"https:\/\/www.bluebase.at\/index.php?rest_route=%2Fwp%2Fv2%2Fmedia&parent=19"}],"curies":[{"name":"wp","href":"https:\/\/api.w.org\/{rel}","templated":true}]}}