{"id":28,"date":"2013-12-30T18:39:49","date_gmt":"2013-12-30T18:39:49","guid":{"rendered":"http:\/\/www.bluebase.at\/?page_id=28"},"modified":"2013-12-30T18:39:49","modified_gmt":"2013-12-30T18:39:49","slug":"zeiterfassung","status":"publish","type":"page","link":"https:\/\/www.bluebase.at\/?page_id=28","title":{"rendered":"Zeiterfassung"},"content":{"rendered":"<p><strong>Zeiterfassungen<\/strong> z\u00e4hlen in vielen Firmen auch im Zusammenhang mit der Lohnverrechnung zu den h\u00e4ufigen Anwendungen. Auch hier k\u00f6nnen die Daten \u00fcber eine Erfassungsdatei an den Steuerberater oder die Lohnverrechnung weitergeleitet werden und so unn\u00f6tige Tipparbeit vermieden werden.<\/p>\n<p>Einfache Eingabe und \u00dcberpr\u00fcfung der Daten und verschiedene Berechtigungen der Weiterverarbeitung, stellen eine bequeme Erledigung diese Routineaufgabe sicher.<\/p>\n<figure id=\"attachment_29\" aria-describedby=\"caption-attachment-29\" style=\"width: 195px\" class=\"wp-caption aligncenter\"><a href=\"http:\/\/www.bluebase.at\/wp-content\/uploads\/2013\/12\/stoppuhr.png\"><img loading=\"lazy\" decoding=\"async\" class=\"size-full wp-image-29 \" title=\"Zeiterfassung\" alt=\"Zeiterfassung\" src=\"http:\/\/www.bluebase.at\/wp-content\/uploads\/2013\/12\/stoppuhr.png\" width=\"195\" height=\"256\" \/><\/a><figcaption id=\"caption-attachment-29\" class=\"wp-caption-text\">Zeiterfassung<\/figcaption><\/figure>\n<p style=\"text-align: center;\">\n","protected":false},"excerpt":{"rendered":"<p>Zeiterfassungen z\u00e4hlen in vielen Firmen auch im Zusammenhang mit der Lohnverrechnung zu den h\u00e4ufigen Anwendungen. Auch hier k\u00f6nnen die Daten \u00fcber eine Erfassungsdatei an den Steuerberater oder die Lohnverrechnung weitergeleitet werden und so unn\u00f6tige Tipparbeit vermieden werden. Einfache Eingabe und \u00dcberpr\u00fcfung der Daten und verschiedene Berechtigungen der Weiterverarbeitung, stellen eine bequeme Erledigung diese Routineaufgabe sicher.<\/p>\n","protected":false},"author":1,"featured_media":0,"parent":7,"menu_order":3,"comment_status":"closed","ping_status":"closed","template":"","meta":{"footnotes":""},"class_list":["post-28","page","type-page","status-publish","hentry"],"_links":{"self":[{"href":"https:\/\/www.bluebase.at\/index.php?rest_route=\/wp\/v2\/pages\/28","targetHints":{"allow":["GET"]}}],"collection":[{"href":"https:\/\/www.bluebase.at\/index.php?rest_route=\/wp\/v2\/pages"}],"about":[{"href":"https:\/\/www.bluebase.at\/index.php?rest_route=\/wp\/v2\/types\/page"}],"author":[{"embeddable":true,"href":"https:\/\/www.bluebase.at\/index.php?rest_route=\/wp\/v2\/users\/1"}],"replies":[{"embeddable":true,"href":"https:\/\/www.bluebase.at\/index.php?rest_route=%2Fwp%2Fv2%2Fcomments&post=28"}],"version-history":[{"count":0,"href":"https:\/\/www.bluebase.at\/index.php?rest_route=\/wp\/v2\/pages\/28\/revisions"}],"up":[{"embeddable":true,"href":"https:\/\/www.bluebase.at\/index.php?rest_route=\/wp\/v2\/pages\/7"}],"wp:attachment":[{"href":"https:\/\/www.bluebase.at\/index.php?rest_route=%2Fwp%2Fv2%2Fmedia&parent=28"}],"curies":[{"name":"wp","href":"https:\/\/api.w.org\/{rel}","templated":true}]}}