{"id":5,"date":"2013-12-30T16:10:18","date_gmt":"2013-12-30T16:10:18","guid":{"rendered":"http:\/\/www.bluebase.at\/?page_id=2"},"modified":"2022-04-28T14:32:48","modified_gmt":"2022-04-28T14:32:48","slug":"home","status":"publish","type":"page","link":"https:\/\/www.bluebase.at\/","title":{"rendered":"Datenbanken, Office- und Webl\u00f6sungen"},"content":{"rendered":"<blockquote>\n<p>Ihr Unternehmen ist nicht von der Stange, warum sollte es Ihre Software sein?<\/p>\n<\/blockquote>\n<figure id=\"attachment_210\" aria-describedby=\"caption-attachment-210\" style=\"width: 227px\" class=\"wp-caption alignleft\"><a href=\"http:\/\/www.bluebase.at\/wp-content\/uploads\/2015\/12\/Cyrus-Mesgarzadeh.jpg\" rel=\"attachment wp-att-210\"><img loading=\"lazy\" decoding=\"async\" class=\"wp-image-210 size-medium\" src=\"http:\/\/www.bluebase.at\/wp-content\/uploads\/2015\/12\/Cyrus-Mesgarzadeh-227x300.jpg\" alt=\"Mag. Cyrus Mesgarzadeh\" width=\"227\" height=\"300\" \/><\/a><figcaption id=\"caption-attachment-210\" class=\"wp-caption-text\">Mag. Cyrus Mesgarzadeh<br \/>Planung &amp; Entwicklung<\/figcaption><\/figure>\n<p><strong>blueBASE<\/strong> bietet Ihnen Datenbank- und Officel\u00f6sungen auf Basis von Microsoft Access und damit die perfekte Zusammenarbeit mit allen <strong>Microsoft Office Produkten<\/strong>, wie MS Word, MS Excel oder MS Outlook in allen Officeversionen. Der <strong>MS SQL Server<\/strong> als Backend bietet ein solides Fundament f\u00fcr Ihre Daten.<\/p>\n<p><strong>PHP<\/strong> und <strong>MySQL<\/strong> sind die idealen Werkzeuge f\u00fcr Webprojekte, wie Webseiten, Shops in Form von Eigenentwicklungen oder basierend auf <strong>WordPress<\/strong>.<\/p>\n<p><strong>MS Access<\/strong> ist flexibel und zuverl\u00e4ssig sowohl f\u00fcr einen Einzelplatz als auch in Mehrbenutzerumgebungen. Mit <strong>VBA<\/strong> (Visual Basic for Applications) ist eine m\u00e4chtige Programmiersprache enthalten, die keine W\u00fcnsche offen l\u00e4sst. In Zusammenspiel mit <strong>MS SQL-Server<\/strong> werdengut skalierbare und robuste Anwendungen erstellt.<\/p>\n<p>Eine gute <strong>Schulung<\/strong> in die individuell erstellten Programme als auch in Standardprogrammen wie Excel oder Access runden ein erfolgreiches Arbeiten ab.<\/p>\n<p>Wenn Sie weitere Informationen w\u00fcnschen, senden Sie unverbindlich ein <a href=\"https:\/\/www.bluebase.at\/?page_id=14\">E-Mail<\/a>.<\/p>\n\n\n<figure class=\"wp-block-image size-full is-resized is-style-default\"><img loading=\"lazy\" decoding=\"async\" src=\"https:\/\/www.bluebase.at\/wp-content\/uploads\/2022\/04\/blueBASE-Logo.png\" alt=\"Logo Bluebase\" class=\"wp-image-249\" width=\"241\" height=\"94\" srcset=\"https:\/\/www.bluebase.at\/wp-content\/uploads\/2022\/04\/blueBASE-Logo.png 481w, https:\/\/www.bluebase.at\/wp-content\/uploads\/2022\/04\/blueBASE-Logo-300x117.png 300w\" sizes=\"auto, (max-width: 241px) 100vw, 241px\" \/><\/figure>\n\n\n\n<p><\/p>\n","protected":false},"excerpt":{"rendered":"<p>Ihr Unternehmen ist nicht von der Stange, warum sollte es Ihre Software sein? blueBASE bietet Ihnen Datenbank- und Officel\u00f6sungen auf Basis von Microsoft Access und damit die perfekte Zusammenarbeit mit allen Microsoft Office Produkten, wie MS Word, MS Excel oder MS Outlook in allen Officeversionen. Der MS SQL Server als Backend bietet ein solides Fundament &hellip; <\/p>\n<p class=\"link-more\"><a href=\"https:\/\/www.bluebase.at\/\" class=\"more-link\">Mehr <span class=\"screen-reader-text\">\u00fcber &#8222;Datenbanken, Office- und Webl\u00f6sungen&#8220; <\/span>Lesen<\/a><\/p>\n","protected":false},"author":1,"featured_media":0,"parent":0,"menu_order":1,"comment_status":"closed","ping_status":"closed","template":"","meta":{"inspiro_hide_title":false,"footnotes":""},"class_list":["post-5","page","type-page","status-publish","hentry"],"_links":{"self":[{"href":"https:\/\/www.bluebase.at\/index.php?rest_route=\/wp\/v2\/pages\/5","targetHints":{"allow":["GET"]}}],"collection":[{"href":"https:\/\/www.bluebase.at\/index.php?rest_route=\/wp\/v2\/pages"}],"about":[{"href":"https:\/\/www.bluebase.at\/index.php?rest_route=\/wp\/v2\/types\/page"}],"author":[{"embeddable":true,"href":"https:\/\/www.bluebase.at\/index.php?rest_route=\/wp\/v2\/users\/1"}],"replies":[{"embeddable":true,"href":"https:\/\/www.bluebase.at\/index.php?rest_route=%2Fwp%2Fv2%2Fcomments&post=5"}],"version-history":[{"count":6,"href":"https:\/\/www.bluebase.at\/index.php?rest_route=\/wp\/v2\/pages\/5\/revisions"}],"predecessor-version":[{"id":255,"href":"https:\/\/www.bluebase.at\/index.php?rest_route=\/wp\/v2\/pages\/5\/revisions\/255"}],"wp:attachment":[{"href":"https:\/\/www.bluebase.at\/index.php?rest_route=%2Fwp%2Fv2%2Fmedia&parent=5"}],"curies":[{"name":"wp","href":"https:\/\/api.w.org\/{rel}","templated":true}]}}