{"id":60,"date":"2014-01-01T15:19:27","date_gmt":"2014-01-01T15:19:27","guid":{"rendered":"http:\/\/www.bluebase.at\/?page_id=60"},"modified":"2014-01-01T15:19:27","modified_gmt":"2014-01-01T15:19:27","slug":"referenzen","status":"publish","type":"page","link":"https:\/\/www.bluebase.at\/?page_id=60","title":{"rendered":"Referenzen"},"content":{"rendered":"<p>Hier finden Sie einen Auszug aus den interessantesten Projekten seit 1999.<\/p>\n<table>\n<tbody>\n<tr>\n<td style=\"text-align: center;\"><img loading=\"lazy\" decoding=\"async\" src=\"http:\/\/www.bluebase.at\/wp-content\/uploads\/2014\/01\/logo_projudb.png\" alt=\"logo_projudb\" width=\"94\" height=\"94\" \/><\/td>\n<td><strong>Pro Juventute Kinderdorfvereinigung:<\/strong><br \/>\nVerwaltungsdatenbank, Schnittstellenprogrammierung zB BMD, Timeline, Salzburger Landesverwaltung, EA-Rechnung, Mitarbeiterverwaltung, Zeiterfassung<\/td>\n<\/tr>\n<tr>\n<td style=\"text-align: center;\"><img loading=\"lazy\" decoding=\"async\" src=\"http:\/\/www.bluebase.at\/wp-content\/uploads\/2014\/01\/logo_fhwien.jpg\" alt=\"logo_fhwien\" width=\"75\" height=\"92\" \/><\/td>\n<td><strong>FH Wien Studieng\u00e4nge der WKW:<\/strong><br \/>\nStundenplanungstool, Plagiatskontrollprogramm, Lehrt\u00e4tigkeit in den F\u00e4chern Programmierung, Datenbanken, HCI<\/td>\n<\/tr>\n<tr>\n<td style=\"text-align: center;\"><img loading=\"lazy\" decoding=\"async\" src=\"http:\/\/www.bluebase.at\/wp-content\/uploads\/2014\/01\/logo_comptrain.png\" alt=\"logo_comptrain\" width=\"81\" height=\"66\" \/><\/td>\n<td><strong>WIFI Wien:<\/strong><br \/>\nKursverwaltung Comptrain, Stundenplanung<\/td>\n<\/tr>\n<tr>\n<td style=\"text-align: center;\"><img loading=\"lazy\" decoding=\"async\" src=\"http:\/\/www.bluebase.at\/wp-content\/uploads\/2014\/01\/logo_rinke.jpg\" alt=\"logo_rinke\" width=\"68\" height=\"96\" \/><\/td>\n<td><strong>Alexander Rinke IT Consulting:<\/strong><br \/>\nProjekte f\u00fcr Dritte aus der IT Branche<\/td>\n<\/tr>\n<tr>\n<td style=\"text-align: center;\"><img loading=\"lazy\" decoding=\"async\" src=\"http:\/\/www.bluebase.at\/wp-content\/uploads\/2014\/01\/logo_festspiele.png\" alt=\"logo_festspiele\" width=\"87\" height=\"113\" \/><\/td>\n<td><strong>Tiroler Festspiele Erl:<\/strong><br \/>\nKartenreservierungssystem, Kundenverwaltung, Auff\u00fchrungsverwaltung, Newsletter Verwaltung<\/td>\n<\/tr>\n<tr>\n<td style=\"text-align: center;\"><img loading=\"lazy\" decoding=\"async\" src=\"http:\/\/www.bluebase.at\/wp-content\/uploads\/2014\/01\/logo_mesgarzadeh.png\" alt=\"logo_mesgarzadeh\" width=\"177\" height=\"39\" \/><\/td>\n<td><strong>Mesgarzadeh GmbH:<\/strong><br \/>\nKundenverwaltung, Webshop, Warenwirtschaftssystem<\/td>\n<\/tr>\n<tr>\n<td style=\"text-align: center;\"><img loading=\"lazy\" decoding=\"async\" src=\"http:\/\/www.bluebase.at\/wp-content\/uploads\/2014\/01\/logo_castaldo.gif\" alt=\"logo_castaldo\" width=\"86\" height=\"50\" \/><\/td>\n<td><strong>KFZ Werkstatt:<\/strong><br \/>\nWerkstattverwaltung, Kunden und Rechnungen<\/td>\n<\/tr>\n<tr>\n<td style=\"text-align: center;\"><img loading=\"lazy\" decoding=\"async\" src=\"http:\/\/www.bluebase.at\/wp-content\/uploads\/2014\/01\/logo_gleitbau.gif\" alt=\"logo_gleitbau\" width=\"170\" height=\"83\" \/><\/td>\n<td><strong>Gleitbau Salzburg:<\/strong><br \/>\nProjektmanagement, Angebotsverwaltung<\/td>\n<\/tr>\n<tr>\n<td style=\"text-align: center;\"><img loading=\"lazy\" decoding=\"async\" src=\"http:\/\/www.bluebase.at\/wp-content\/uploads\/2014\/01\/logo_gigait.png\" alt=\"logo_gigait\" width=\"95\" height=\"95\" \/><\/td>\n<td><strong>Giga IT:<\/strong><br \/>\ndiverse Arbeiten f\u00fcr Drittkunden<\/td>\n<\/tr>\n<tr>\n<td style=\"text-align: center;\"><img loading=\"lazy\" decoding=\"async\" src=\"http:\/\/www.bluebase.at\/wp-content\/uploads\/2014\/01\/logo_col_legno.gif\" alt=\"logo_col_legno\" width=\"111\" height=\"64\" \/><\/td>\n<td><strong>col legno:<br \/>\n<\/strong>Auff\u00fchrungs- und Kartenverwaltung<\/td>\n<\/tr>\n<tr>\n<td style=\"text-align: center;\"><img loading=\"lazy\" decoding=\"async\" src=\"http:\/\/www.bluebase.at\/wp-content\/uploads\/2014\/01\/logo_wirl.gif\" alt=\"logo_wirl\" width=\"89\" height=\"79\" \/><\/td>\n<td><strong>Wirl W\u00e4scherei:<\/strong><br \/>\nService bestehende Accessdatenbank<\/td>\n<\/tr>\n<tr>\n<td style=\"text-align: center;\"><img loading=\"lazy\" decoding=\"async\" src=\"http:\/\/www.bluebase.at\/wp-content\/uploads\/2014\/01\/logo_mth.gif\" alt=\"logo_mth\" width=\"100\" height=\"72\" \/><\/td>\n<td><strong>MTH Motoren:<\/strong><br \/>\nKundenverwaltung<\/td>\n<\/tr>\n<tr>\n<td style=\"text-align: center;\"><img loading=\"lazy\" decoding=\"async\" src=\"http:\/\/www.bluebase.at\/wp-content\/uploads\/2014\/01\/logo_mindid.jpg\" alt=\"logo_mindid\" width=\"127\" height=\"92\" \/><\/td>\n<td><strong>Mind ID <b>Werbeagentur<\/b>:<\/strong><br \/>\nUmsetzung HTML Vorlagen, Auftr\u00e4ge f\u00fcr Dritte<\/td>\n<\/tr>\n<tr>\n<td style=\"text-align: center;\"><img loading=\"lazy\" decoding=\"async\" src=\"http:\/\/www.bluebase.at\/wp-content\/uploads\/2014\/01\/logo_sternschnuppe.jpg\" alt=\"logo_sternschnuppe\" width=\"170\" height=\"76\" \/><\/td>\n<td><strong>Krabbelstube Sternschnuppe:<\/strong><br \/>\nVerwaltung und Abrechnung von Kindern in der Krabbelstube, Statistiken<\/td>\n<\/tr>\n<\/tbody>\n<\/table>\n","protected":false},"excerpt":{"rendered":"<p>Hier finden Sie einen Auszug aus den interessantesten Projekten seit 1999. Pro Juventute Kinderdorfvereinigung: Verwaltungsdatenbank, Schnittstellenprogrammierung zB BMD, Timeline, Salzburger Landesverwaltung, EA-Rechnung, Mitarbeiterverwaltung, Zeiterfassung FH Wien Studieng\u00e4nge der WKW: Stundenplanungstool, Plagiatskontrollprogramm, Lehrt\u00e4tigkeit in den F\u00e4chern Programmierung, Datenbanken, HCI WIFI Wien: Kursverwaltung Comptrain, Stundenplanung Alexander Rinke IT Consulting: Projekte f\u00fcr Dritte aus der IT Branche Tiroler &hellip; <\/p>\n<p class=\"link-more\"><a href=\"https:\/\/www.bluebase.at\/?page_id=60\" class=\"more-link\">Mehr <span class=\"screen-reader-text\">\u00fcber &#8222;Referenzen&#8220; <\/span>Lesen<\/a><\/p>\n","protected":false},"author":1,"featured_media":0,"parent":0,"menu_order":4,"comment_status":"closed","ping_status":"closed","template":"","meta":{"footnotes":""},"class_list":["post-60","page","type-page","status-publish","hentry"],"_links":{"self":[{"href":"https:\/\/www.bluebase.at\/index.php?rest_route=\/wp\/v2\/pages\/60","targetHints":{"allow":["GET"]}}],"collection":[{"href":"https:\/\/www.bluebase.at\/index.php?rest_route=\/wp\/v2\/pages"}],"about":[{"href":"https:\/\/www.bluebase.at\/index.php?rest_route=\/wp\/v2\/types\/page"}],"author":[{"embeddable":true,"href":"https:\/\/www.bluebase.at\/index.php?rest_route=\/wp\/v2\/users\/1"}],"replies":[{"embeddable":true,"href":"https:\/\/www.bluebase.at\/index.php?rest_route=%2Fwp%2Fv2%2Fcomments&post=60"}],"version-history":[{"count":0,"href":"https:\/\/www.bluebase.at\/index.php?rest_route=\/wp\/v2\/pages\/60\/revisions"}],"wp:attachment":[{"href":"https:\/\/www.bluebase.at\/index.php?rest_route=%2Fwp%2Fv2%2Fmedia&parent=60"}],"curies":[{"name":"wp","href":"https:\/\/api.w.org\/{rel}","templated":true}]}}