{"id":7,"date":"2013-12-30T18:15:46","date_gmt":"2013-12-30T18:15:46","guid":{"rendered":"http:\/\/www.bluebase.at\/?page_id=7"},"modified":"2013-12-30T18:15:46","modified_gmt":"2013-12-30T18:15:46","slug":"loesungen-im-betriebsalltag","status":"publish","type":"page","link":"https:\/\/www.bluebase.at\/?page_id=7","title":{"rendered":"L\u00f6sungen im Betriebsalltag"},"content":{"rendered":"<p>Datenbanken bilden Prozesse im Unternehmen ab und unterst\u00fctzen den Arbeitsablauf. Das bedeutet:<\/p>\n<ul>\n<li>optimieren und beschleunigen<\/li>\n<li>Workflow fl\u00fcssiger gestalten<\/li>\n<li>Fehlerquellen reduzieren<\/li>\n<li>\u00dcbersichtlichkeit der unternehmensrelevanten Daten steigeren<\/li>\n<\/ul>\n<p>L\u00f6sungen werden speziell f\u00fcr Ihre Bed\u00fcrfnisse entwickelt und angepasst, sodass L\u00f6sungen entstehen, die Ihrem Arbeitsablauf gerecht werden. Eben Datenbanken nach Ma\u00df.<\/p>\n<p>Access ist die weltweit meist benutzte Datenbanksoftware und bietet seit \u00fcber 15 Jahren eine solide Basis f\u00fcr Datenbankaufgaben, wie Kunden- und Personalverwaltung, Lagerhaltung und Zeiterfassungen oder was Sie auch immer verwalten wollen.<\/p>\n<p>Beispiele daf\u00fcr sind:<\/p>\n<ul>\n<li><a title=\"Kundenverwaltung\" href=\"http:\/\/www.bluebase.at\/?page_id=19\">Kundenverwaltungen<\/a><\/li>\n<li><a title=\"Warenwirtschaft\" href=\"http:\/\/www.bluebase.at\/?page_id=26\">Warenwirtschaftssysteme<\/a><\/li>\n<li><a title=\"Zeiterfassung\" href=\"http:\/\/www.bluebase.at\/?page_id=28\">Zeiterfassungen<\/a><\/li>\n<li><a title=\"Einnahmen \u2013 Ausgaben \u2013 Rechnung\" href=\"http:\/\/www.bluebase.at\/?page_id=31\">integrierte Eingaben\/Ausgaben Rechnung<\/a><\/li>\n<li><a title=\"Einnahmen \u2013 Ausgaben \u2013 Rechnung\" href=\"http:\/\/www.bluebase.at\/?page_id=31\">Import\/Export von Daten<\/a><\/li>\n<\/ul>\n","protected":false},"excerpt":{"rendered":"<p>Datenbanken bilden Prozesse im Unternehmen ab und unterst\u00fctzen den Arbeitsablauf. Das bedeutet: optimieren und beschleunigen Workflow fl\u00fcssiger gestalten Fehlerquellen reduzieren \u00dcbersichtlichkeit der unternehmensrelevanten Daten steigeren L\u00f6sungen werden speziell f\u00fcr Ihre Bed\u00fcrfnisse entwickelt und angepasst, sodass L\u00f6sungen entstehen, die Ihrem Arbeitsablauf gerecht werden. Eben Datenbanken nach Ma\u00df. Access ist die weltweit meist benutzte Datenbanksoftware und bietet &hellip; <\/p>\n<p class=\"link-more\"><a href=\"https:\/\/www.bluebase.at\/?page_id=7\" class=\"more-link\">Mehr <span class=\"screen-reader-text\">\u00fcber &#8222;L\u00f6sungen im Betriebsalltag&#8220; <\/span>Lesen<\/a><\/p>\n","protected":false},"author":1,"featured_media":0,"parent":0,"menu_order":2,"comment_status":"closed","ping_status":"closed","template":"","meta":{"footnotes":""},"class_list":["post-7","page","type-page","status-publish","hentry"],"_links":{"self":[{"href":"https:\/\/www.bluebase.at\/index.php?rest_route=\/wp\/v2\/pages\/7","targetHints":{"allow":["GET"]}}],"collection":[{"href":"https:\/\/www.bluebase.at\/index.php?rest_route=\/wp\/v2\/pages"}],"about":[{"href":"https:\/\/www.bluebase.at\/index.php?rest_route=\/wp\/v2\/types\/page"}],"author":[{"embeddable":true,"href":"https:\/\/www.bluebase.at\/index.php?rest_route=\/wp\/v2\/users\/1"}],"replies":[{"embeddable":true,"href":"https:\/\/www.bluebase.at\/index.php?rest_route=%2Fwp%2Fv2%2Fcomments&post=7"}],"version-history":[{"count":0,"href":"https:\/\/www.bluebase.at\/index.php?rest_route=\/wp\/v2\/pages\/7\/revisions"}],"wp:attachment":[{"href":"https:\/\/www.bluebase.at\/index.php?rest_route=%2Fwp%2Fv2%2Fmedia&parent=7"}],"curies":[{"name":"wp","href":"https:\/\/api.w.org\/{rel}","templated":true}]}}